{"id":199,"date":"2019-05-16T00:08:39","date_gmt":"2019-05-15T22:08:39","guid":{"rendered":"http:\/\/it.ldf.mendelu.cz\/?page_id=199"},"modified":"2025-04-23T21:24:49","modified_gmt":"2025-04-23T19:24:49","slug":"uzitecne-odkazy","status":"publish","type":"page","link":"https:\/\/it.ldf.mendelu.cz\/?page_id=199","title":{"rendered":"U\u017eite\u010dn\u00e9 odkazy"},"content":{"rendered":"<h1>LOGA<\/h1>\n<p><a href=\"https:\/\/is.mendelu.cz\/auth\/dok_server\/slozka.pl?ds=1;dok=1;id=108881\">Loga ke 100 let\u016fm Mendelu<\/a><\/p>\n<p><a href=\"https:\/\/is.mendelu.cz\/auth\/dok_server\/slozka.pl?ds=1;id=110333\">Loga v\u0161ech fakult a univerzity<\/a><\/p>\n<p><a href=\"https:\/\/lef.ldf.mendelu.cz\">\u010cASOPIS LEF<\/a><\/p>\n<p><a href=\"https:\/\/ipm.mendelu.cz\/jednotny-vizualni-styl\/31393-powerpoint-sablony\">\u0160ablony prezentac\u00ed (powerpoint)<\/a><\/p>\n<h1>WIFI, VPN a O365<\/h1>\n<p><a href=\"http:\/\/eduroam.mendelu.cz\/navody-k-instalaci\/25750-automaticke-nastaveni-site\">Programy k automatick\u00e9mu nastaven\u00ed Wifi Eduroam pro studenty i zam\u011bstnance (m\u00e1me povolen\u00ed z OIT k jej\u00edmu u\u017e\u00edv\u00e1n\u00ed a \u0161\u00ed\u0159en\u00ed mezi na\u0161e u\u017eivatele)<\/a><\/p>\n<p><a href=\"http:\/\/oit.mendelu.cz\/podpora\/site\/24970-virtualni-privatni-sit\">N\u00e1vod na VPN Mendelu\u00a0<\/a><\/p>\n<p><a href=\"http:\/\/eduroam.mendelu.cz\/\">N\u00e1vod na Eduroam Mendelu\u00a0<\/a><\/p>\n<p>Vstup do <a href=\"https:\/\/outlook.office.com\/owa\/?realm=mendelu.cz\">o365.mendelu.cz<\/a><\/p>\n<p><a href=\"https:\/\/outlook.office.com\/owa\/?realm=mendelu.cz&amp;path=\/options\/automaticreplies\/mode\/popup\">Nastaven\u00ed automatick\u00e9 odpov\u011bdi v O365 (pokud jedete na dovolenou a pot\u0159ebujete nastavit automatickou zpr\u00e1vu)\u00a0<\/a><\/p>\n<p><a href=\"https:\/\/it.ldf.mendelu.cz\/?page_id=46\">Office Zdarma na 5 po\u010d\u00edta\u010d\u016f<\/a><\/p>\n<h1>UIS<\/h1>\n<p><a href=\"https:\/\/is.mendelu.cz\/auth\/mistnosti\/rezervace.pl?zalozka=4\">Pl\u00e1n obsazen\u00ed m\u00edstnost\u00ed\u00a0<\/a><\/p>\n<p><a href=\"https:\/\/is.mendelu.cz\/auth\/personalizace\/pref.pl?zalozka=1;subzalozka=2\">Editace konzulta\u010dn\u00edch hodin, kontaktu, pozn\u00e1mky, emailu, adresa webov\u00e9 str\u00e1nky a nastaven\u00ed zviditeln\u011bn\u00ed \u010di zneviditeln\u011bn\u00ed, kontaktn\u00ed \u00fadaje atd..<\/a><\/p>\n<p><a href=\"https:\/\/is.mendelu.cz\/auth\/kontrola\/\">Kolik mi zb\u00fdv\u00e1 dn\u00ed dovolen\u00e9 a dal\u0161\u00ed \u00fadaje v UISu po p\u0159ihl\u00e1\u0161en\u00ed<\/a><\/p>\n<p><a href=\"http:\/\/skm.mendelu.cz\/stravovani\/28603-jidelni-listek\">J\u00eddeln\u00ed l\u00edstek v Menze (z\u00e1lo\u017ekami zvol\u00edte jinou Menzu)\u00a0<\/a><\/p>\n<p><a href=\"https:\/\/is.mendelu.cz\/auth\/payslip\/\">V\u00fdplatn\u00ed p\u00e1sky<\/a><\/p>\n<p><a href=\"https:\/\/is.mendelu.cz\/auth\/ca\/vizitky.pl\">Tvorba vizitek<\/a><\/p>\n<p><a href=\"https:\/\/is.mendelu.cz\/auth\/ca\/absence.pl?\">Pl\u00e1n absenc\u00ed (pro zam\u011bstnance)<\/a><\/p>\n<p><a href=\"https:\/\/is.mendelu.cz\/auth\/system\/zmena_hesla.pl?\">Zm\u011bna hesla do UIS<\/a><\/p>\n<p><a href=\"https:\/\/ipm.mendelu.cz\/26822-formulare-a-tiskopisy\">Formul\u00e1\u0159e mendelu<\/a><br \/>\n<a href=\"https:\/\/www.ldf.mendelu.cz\/26810-interni-predpisy\">Intern\u00ed p\u0159edpisy LDF<\/a><br \/>\n<a href=\"https:\/\/mendelu.cz\/24997-vnitrni-predpisy-univerzity\">Intern\u00ed P\u0159edpisy MENDELU<\/a><\/p>\n<h1>Dokumentov\u00fd server v UIS<\/h1>\n<p><a href=\"https:\/\/is.mendelu.cz\/auth\/dok_server\/slozka.pl?ds=1;dok=1;id=35376\">Intern\u00ed p\u0159edpisy LDF<\/a><br \/>\n<a href=\"https:\/\/is.mendelu.cz\/auth\/dok_server\/slozka.pl?ds=1;dok=1;id=43119\">Kolegium d\u011bkana (pouze po p\u0159ihl\u00e1\u0161en\u00ed do UIS)<\/a><br \/>\n<a href=\"https:\/\/is.mendelu.cz\/auth\/dok_server\/slozka.pl?ds=1;dok=1;id=67225\">Vnit\u0159n\u00ed p\u0159edpisy univerzity<\/a><br \/>\n<a href=\"https:\/\/is.mendelu.cz\/auth\/dok_server\/slozka.pl?id=130534\">Komise rektora pro informatiku Mendelu (ICT)<\/a><\/p>\n<h1>Kam ukl\u00e1dat data<\/h1>\n<p><a href=\"https:\/\/it.ldf.mendelu.cz\/index.php\/2019\/03\/04\/kam-mohu-ukladat-svoje-data\/\">o365 Onedrive (100GB)<\/a><\/p>\n<p><a href=\"https:\/\/owncloud.cesnet.cz\/index.php\/login\">OwnCloud (100GB)<\/a><\/p>\n","protected":false},"excerpt":{"rendered":"<p>LOGA Loga ke 100 let\u016fm Mendelu Loga v\u0161ech fakult a univerzity \u010cASOPIS LEF \u0160ablony prezentac\u00ed (powerpoint) WIFI, VPN a O365 Programy k automatick\u00e9mu nastaven\u00ed Wifi Eduroam pro studenty i zam\u011bstnance (m\u00e1me povolen\u00ed z OIT k jej\u00edmu u\u017e\u00edv\u00e1n\u00ed a \u0161\u00ed\u0159en\u00ed mezi na\u0161e u\u017eivatele) N\u00e1vod na VPN Mendelu\u00a0 N\u00e1vod na Eduroam Mendelu\u00a0 Vstup do o365.mendelu.cz Nastaven\u00ed automatick\u00e9 &hellip; <\/p>\n<p class=\"link-more\"><a href=\"https:\/\/it.ldf.mendelu.cz\/?page_id=199\" class=\"more-link\">Pokra\u010dovat ve \u010dten\u00ed<span class=\"screen-reader-text\"> &#8222;U\u017eite\u010dn\u00e9 odkazy&#8220;<\/span><\/a><\/p>\n","protected":false},"author":1,"featured_media":0,"parent":0,"menu_order":0,"comment_status":"closed","ping_status":"closed","template":"","meta":{"_exactmetrics_skip_tracking":false,"_exactmetrics_sitenote_active":false,"_exactmetrics_sitenote_note":"","_exactmetrics_sitenote_category":0,"footnotes":""},"class_list":["post-199","page","type-page","status-publish","hentry"],"_links":{"self":[{"href":"https:\/\/it.ldf.mendelu.cz\/index.php?rest_route=\/wp\/v2\/pages\/199","targetHints":{"allow":["GET"]}}],"collection":[{"href":"https:\/\/it.ldf.mendelu.cz\/index.php?rest_route=\/wp\/v2\/pages"}],"about":[{"href":"https:\/\/it.ldf.mendelu.cz\/index.php?rest_route=\/wp\/v2\/types\/page"}],"author":[{"embeddable":true,"href":"https:\/\/it.ldf.mendelu.cz\/index.php?rest_route=\/wp\/v2\/users\/1"}],"replies":[{"embeddable":true,"href":"https:\/\/it.ldf.mendelu.cz\/index.php?rest_route=%2Fwp%2Fv2%2Fcomments&post=199"}],"version-history":[{"count":20,"href":"https:\/\/it.ldf.mendelu.cz\/index.php?rest_route=\/wp\/v2\/pages\/199\/revisions"}],"predecessor-version":[{"id":1281,"href":"https:\/\/it.ldf.mendelu.cz\/index.php?rest_route=\/wp\/v2\/pages\/199\/revisions\/1281"}],"wp:attachment":[{"href":"https:\/\/it.ldf.mendelu.cz\/index.php?rest_route=%2Fwp%2Fv2%2Fmedia&parent=199"}],"curies":[{"name":"wp","href":"https:\/\/api.w.org\/{rel}","templated":true}]}}