{"id":220,"date":"2019-06-12T13:45:53","date_gmt":"2019-06-12T11:45:53","guid":{"rendered":"https:\/\/it.ldf.mendelu.cz\/?page_id=220"},"modified":"2026-04-28T22:43:08","modified_gmt":"2026-04-28T20:43:08","slug":"sber-pozadavku-na-software","status":"publish","type":"page","link":"https:\/\/it.ldf.mendelu.cz\/?page_id=220","title":{"rendered":"Sb\u011br po\u017eadavk\u016f na software"},"content":{"rendered":"\n<p>Pokud by se V\u00e1m formul\u00e1\u0159 zobrazoval \u0161patn\u011b, lze ho otev\u0159\u00edt na nov\u00e9 str\u00e1nce <a href=\"https:\/\/forms.gle\/RA98T2kpW4vpW4CJ7\">ZDE<\/a>.<br><iframe loading=\"lazy\" src=\"https:\/\/docs.google.com\/forms\/d\/e\/1FAIpQLSc2Ux7nLY6dnjrhukRKkUZV8QUDsin0q_07r0GVq7wLoVmJ7Q\/viewform?embedded=true\" width=\"680\" height=\"2475\" frameborder=\"0\" marginwidth=\"0\" marginheight=\"0\"><span data-mce-type=\"bookmark\" style=\"display: inline-block; width: 0px; overflow: hidden; line-height: 0;\" class=\"mce_SELRES_start\">\ufeff<\/span><span data-mce-type=\"bookmark\" style=\"display: inline-block; width: 0px; overflow: hidden; line-height: 0;\" class=\"mce_SELRES_start\">\ufeff<\/span>Na\u010d\u00edt\u00e1n\u00ed&#8230;<\/iframe><\/p>\n\n\n\n<p>Formul\u00e1\u0159 byl vytvo\u0159en Lesnickou a d\u0159eva\u0159skou fakultou Mendelovy univerzity v Brn\u011b.<\/p>\n","protected":false},"excerpt":{"rendered":"<p>Pokud by se V\u00e1m formul\u00e1\u0159 zobrazoval \u0161patn\u011b, lze ho otev\u0159\u00edt na nov\u00e9 str\u00e1nce ZDE.\ufeff\ufeffNa\u010d\u00edt\u00e1n\u00ed&#8230; Formul\u00e1\u0159 byl vytvo\u0159en Lesnickou a d\u0159eva\u0159skou fakultou Mendelovy univerzity v Brn\u011b.<\/p>\n","protected":false},"author":1,"featured_media":0,"parent":0,"menu_order":0,"comment_status":"closed","ping_status":"closed","template":"","meta":{"_exactmetrics_skip_tracking":false,"_exactmetrics_sitenote_active":false,"_exactmetrics_sitenote_note":"","_exactmetrics_sitenote_category":0,"footnotes":""},"class_list":["post-220","page","type-page","status-publish","hentry"],"_links":{"self":[{"href":"https:\/\/it.ldf.mendelu.cz\/index.php?rest_route=\/wp\/v2\/pages\/220","targetHints":{"allow":["GET"]}}],"collection":[{"href":"https:\/\/it.ldf.mendelu.cz\/index.php?rest_route=\/wp\/v2\/pages"}],"about":[{"href":"https:\/\/it.ldf.mendelu.cz\/index.php?rest_route=\/wp\/v2\/types\/page"}],"author":[{"embeddable":true,"href":"https:\/\/it.ldf.mendelu.cz\/index.php?rest_route=\/wp\/v2\/users\/1"}],"replies":[{"embeddable":true,"href":"https:\/\/it.ldf.mendelu.cz\/index.php?rest_route=%2Fwp%2Fv2%2Fcomments&post=220"}],"version-history":[{"count":8,"href":"https:\/\/it.ldf.mendelu.cz\/index.php?rest_route=\/wp\/v2\/pages\/220\/revisions"}],"predecessor-version":[{"id":1489,"href":"https:\/\/it.ldf.mendelu.cz\/index.php?rest_route=\/wp\/v2\/pages\/220\/revisions\/1489"}],"wp:attachment":[{"href":"https:\/\/it.ldf.mendelu.cz\/index.php?rest_route=%2Fwp%2Fv2%2Fmedia&parent=220"}],"curies":[{"name":"wp","href":"https:\/\/api.w.org\/{rel}","templated":true}]}}