{"id":46,"date":"2018-11-09T10:18:47","date_gmt":"2018-11-09T09:18:47","guid":{"rendered":"http:\/\/it.ldf.mendelu.cz\/?page_id=46"},"modified":"2018-11-13T14:23:00","modified_gmt":"2018-11-13T13:23:00","slug":"zamestnanec-chci-microsoft-office-zdarma-na-svem-pocitaci","status":"publish","type":"page","link":"https:\/\/it.ldf.mendelu.cz\/?page_id=46","title":{"rendered":"Zam\u011bstnanec: Chci Microsoft Office zdarma na sv\u00e9m Po\u010d\u00edta\u010di"},"content":{"rendered":"<p>Ka\u017ed\u00fd u\u017eivatel o365.mendelu.cz m\u00e1 pr\u00e1vo nainstalovat a\u017e na 5 za\u0159\u00edzen\u00ed Microsoft Office zdarma a to p\u0159\u00edmo z tohoto odkazu po p\u0159ihl\u00e1\u0161en\u00ed:<\/p>\n<p><a href=\"https:\/\/portal.office.com\/account\/#installs\">https:\/\/portal.office.com\/account\/#installs<\/a><\/p>\n<p><img loading=\"lazy\" decoding=\"async\" class=\"alignnone size-medium wp-image-40\" src=\"http:\/\/it.ldf.mendelu.cz\/wp-content\/uploads\/2018\/11\/o365_instalace-300x113.png\" alt=\"\" width=\"300\" height=\"113\" srcset=\"https:\/\/it.ldf.mendelu.cz\/wp-content\/uploads\/2018\/11\/o365_instalace-300x113.png 300w, https:\/\/it.ldf.mendelu.cz\/wp-content\/uploads\/2018\/11\/o365_instalace-150x56.png 150w, https:\/\/it.ldf.mendelu.cz\/wp-content\/uploads\/2018\/11\/o365_instalace.png 704w\" sizes=\"auto, (max-width: 300px) 100vw, 300px\" \/><\/p>\n<p>Po kliknut\u00ed nainstalovat desktopov\u00e9 aplikace se dostanete na tuto str\u00e1nku:<\/p>\n<p><img loading=\"lazy\" decoding=\"async\" class=\"alignnone size-medium wp-image-41\" src=\"http:\/\/it.ldf.mendelu.cz\/wp-content\/uploads\/2018\/11\/Screenshot_1-300x214.png\" alt=\"\" width=\"300\" height=\"214\" srcset=\"https:\/\/it.ldf.mendelu.cz\/wp-content\/uploads\/2018\/11\/Screenshot_1-300x214.png 300w, https:\/\/it.ldf.mendelu.cz\/wp-content\/uploads\/2018\/11\/Screenshot_1-150x107.png 150w, https:\/\/it.ldf.mendelu.cz\/wp-content\/uploads\/2018\/11\/Screenshot_1.png 767w\" sizes=\"auto, (max-width: 300px) 100vw, 300px\" \/><\/p>\n<p>Sta\u010d\u00ed kliknout nainstalovat a d\u00e1le se u\u017e jen \u0159\u00eddit pokyny instala\u010dn\u00ed procedury.<\/p>\n<p>&nbsp;<\/p>\n","protected":false},"excerpt":{"rendered":"<p>Ka\u017ed\u00fd u\u017eivatel o365.mendelu.cz m\u00e1 pr\u00e1vo nainstalovat a\u017e na 5 za\u0159\u00edzen\u00ed Microsoft Office zdarma a to p\u0159\u00edmo z tohoto odkazu po p\u0159ihl\u00e1\u0161en\u00ed: https:\/\/portal.office.com\/account\/#installs Po kliknut\u00ed nainstalovat desktopov\u00e9 aplikace se dostanete na tuto str\u00e1nku: Sta\u010d\u00ed kliknout nainstalovat a d\u00e1le se u\u017e jen \u0159\u00eddit pokyny instala\u010dn\u00ed procedury. &nbsp;<\/p>\n","protected":false},"author":1,"featured_media":0,"parent":0,"menu_order":0,"comment_status":"closed","ping_status":"closed","template":"","meta":{"_exactmetrics_skip_tracking":false,"_exactmetrics_sitenote_active":false,"_exactmetrics_sitenote_note":"","_exactmetrics_sitenote_category":0,"footnotes":""},"class_list":["post-46","page","type-page","status-publish","hentry"],"_links":{"self":[{"href":"https:\/\/it.ldf.mendelu.cz\/index.php?rest_route=\/wp\/v2\/pages\/46","targetHints":{"allow":["GET"]}}],"collection":[{"href":"https:\/\/it.ldf.mendelu.cz\/index.php?rest_route=\/wp\/v2\/pages"}],"about":[{"href":"https:\/\/it.ldf.mendelu.cz\/index.php?rest_route=\/wp\/v2\/types\/page"}],"author":[{"embeddable":true,"href":"https:\/\/it.ldf.mendelu.cz\/index.php?rest_route=\/wp\/v2\/users\/1"}],"replies":[{"embeddable":true,"href":"https:\/\/it.ldf.mendelu.cz\/index.php?rest_route=%2Fwp%2Fv2%2Fcomments&post=46"}],"version-history":[{"count":1,"href":"https:\/\/it.ldf.mendelu.cz\/index.php?rest_route=\/wp\/v2\/pages\/46\/revisions"}],"predecessor-version":[{"id":47,"href":"https:\/\/it.ldf.mendelu.cz\/index.php?rest_route=\/wp\/v2\/pages\/46\/revisions\/47"}],"wp:attachment":[{"href":"https:\/\/it.ldf.mendelu.cz\/index.php?rest_route=%2Fwp%2Fv2%2Fmedia&parent=46"}],"curies":[{"name":"wp","href":"https:\/\/api.w.org\/{rel}","templated":true}]}}